{"id":1606,"date":"2024-04-15T11:24:58","date_gmt":"2024-04-15T09:24:58","guid":{"rendered":"https:\/\/footballforwardtryouts.com\/politique-de-confidentialite\/"},"modified":"2024-05-31T13:35:49","modified_gmt":"2024-05-31T11:35:49","slug":"politique-de-confidentialite","status":"publish","type":"page","link":"https:\/\/footballforwardtryouts.com\/fr\/politique-de-confidentialite\/","title":{"rendered":"Politique de confidentialit\u00e9"},"content":{"rendered":"\t\t<div data-elementor-type=\"wp-page\" data-elementor-id=\"1606\" class=\"elementor elementor-1606 elementor-431\" data-elementor-post-type=\"page\">\n\t\t\t\t<div class=\"elementor-element elementor-element-0fcdc0c e-con-full e-flex e-con e-parent\" data-id=\"0fcdc0c\" data-element_type=\"container\">\n\t\t\t\t<div class=\"elementor-element elementor-element-30a8fd5 elementor-widget elementor-widget-heading\" data-id=\"30a8fd5\" data-element_type=\"widget\" data-widget_type=\"heading.default\">\n\t\t\t\t<div class=\"elementor-widget-container\">\n\t\t\t\t\t<h2 class=\"elementor-heading-title elementor-size-default\">Politique de confidentialit\u00e9<\/h2>\t\t\t\t<\/div>\n\t\t\t\t<\/div>\n\t\t\t\t<div class=\"elementor-element elementor-element-1b1cd19 elementor-widget elementor-widget-text-editor\" data-id=\"1b1cd19\" data-element_type=\"widget\" data-widget_type=\"text-editor.default\">\n\t\t\t\t<div class=\"elementor-widget-container\">\n\t\t\t\t\t\t\t\t\t<table class=\"table table-bordered\">\n<tbody>\n<tr>\n<td><strong>RESPONSABLE :<\/strong><\/td>\n<td>FOOTBALL FORWARD S.C.<\/td>\n<\/tr>\n<tr>\n<td><strong>OBJECTIF :<\/strong><\/td>\n<td>Gestion des volontaires adapt\u00e9s aux \u00e9tudes \u00e9picutan\u00e9es \/ ex\u00e9cution des budgets.<\/td>\n<\/tr>\n<tr>\n<td><strong>L\u00c9GITIMIT\u00c9<\/strong><\/td>\n<td>Int\u00e9r\u00eat l\u00e9gitime du responsable du traitement, d&rsquo;un tiers et consentement de la personne concern\u00e9e.<\/td>\n<\/tr>\n<tr>\n<td><strong>PUBLIC CIBLE :<\/strong><\/td>\n<td>Clients de FOOTBALL FORWARD S.C. (\u00e2ge, sexe, type de peau et r\u00e9action cutan\u00e9e).<\/td>\n<\/tr>\n<tr>\n<td><strong>DROITS :<\/strong><\/td>\n<td>Une fois la relation avec FOOTBALL FORWARD S.C. termin\u00e9e, vous disposez d&rsquo;un droit d&rsquo;acc\u00e8s, de rectification, de suppression, ainsi que d&rsquo;autres droits tels qu&rsquo;expliqu\u00e9s dans les informations compl\u00e9mentaires.<\/td>\n<\/tr>\n<tr>\n<td><strong>DES INFORMATIONS COMPL\u00c9MENTAIRES :<\/strong><\/td>\n<td>Vous pouvez exercer vos droits en le contactant et\/ou en le demandant \u00e0 Carrer Pau Casals, n\u00ba 15, 17856 Castellfollit de la Roca, Girona, ou en contactant info@football-forward.com ou par t\u00e9l\u00e9phone au 687 85 77 50. Vous trouverez des informations suppl\u00e9mentaires et d\u00e9taill\u00e9es sur la protection des donn\u00e9es sur notre site web : www.football-forward.com.<\/td>\n<\/tr>\n<\/tbody>\n<\/table>\n\t\t\t\t\t\t\t\t<\/div>\n\t\t\t\t<\/div>\n\t\t\t\t<\/div>\n\t\t\t\t<\/div>\n\t\t","protected":false},"excerpt":{"rendered":"<p>Politique de confidentialit\u00e9 RESPONSABLE : FOOTBALL FORWARD S.C. OBJECTIF : Gestion des volontaires adapt\u00e9s aux \u00e9tudes \u00e9picutan\u00e9es \/ ex\u00e9cution des budgets. L\u00c9GITIMIT\u00c9 Int\u00e9r\u00eat l\u00e9gitime du responsable du traitement, d&rsquo;un tiers et consentement de la personne concern\u00e9e. PUBLIC CIBLE : Clients de FOOTBALL FORWARD S.C. (\u00e2ge, sexe, type de peau et r\u00e9action cutan\u00e9e). DROITS : Une [&hellip;]<\/p>\n","protected":false},"author":1,"featured_media":0,"parent":0,"menu_order":0,"comment_status":"closed","ping_status":"closed","template":"elementor_header_footer","meta":{"footnotes":""},"class_list":["post-1606","page","type-page","status-publish","hentry"],"_links":{"self":[{"href":"https:\/\/footballforwardtryouts.com\/fr\/wp-json\/wp\/v2\/pages\/1606","targetHints":{"allow":["GET"]}}],"collection":[{"href":"https:\/\/footballforwardtryouts.com\/fr\/wp-json\/wp\/v2\/pages"}],"about":[{"href":"https:\/\/footballforwardtryouts.com\/fr\/wp-json\/wp\/v2\/types\/page"}],"author":[{"embeddable":true,"href":"https:\/\/footballforwardtryouts.com\/fr\/wp-json\/wp\/v2\/users\/1"}],"replies":[{"embeddable":true,"href":"https:\/\/footballforwardtryouts.com\/fr\/wp-json\/wp\/v2\/comments?post=1606"}],"version-history":[{"count":0,"href":"https:\/\/footballforwardtryouts.com\/fr\/wp-json\/wp\/v2\/pages\/1606\/revisions"}],"wp:attachment":[{"href":"https:\/\/footballforwardtryouts.com\/fr\/wp-json\/wp\/v2\/media?parent=1606"}],"curies":[{"name":"wp","href":"https:\/\/api.w.org\/{rel}","templated":true}]}}