{"id":1602,"date":"2024-04-15T11:19:40","date_gmt":"2024-04-15T09:19:40","guid":{"rendered":"https:\/\/footballforwardtryouts.com\/politique-en-matiere-de-cookies\/"},"modified":"2024-05-31T13:34:38","modified_gmt":"2024-05-31T11:34:38","slug":"politique-en-matiere-de-cookies","status":"publish","type":"page","link":"https:\/\/footballforwardtryouts.com\/fr\/politique-en-matiere-de-cookies\/","title":{"rendered":"Politique en mati\u00e8re de cookies"},"content":{"rendered":"\t\t<div data-elementor-type=\"wp-page\" data-elementor-id=\"1602\" class=\"elementor elementor-1602 elementor-426\" data-elementor-post-type=\"page\">\n\t\t\t\t<div class=\"elementor-element elementor-element-58be3ee e-con-full e-flex e-con e-parent\" data-id=\"58be3ee\" data-element_type=\"container\" data-settings=\"{&quot;background_background&quot;:&quot;classic&quot;}\">\n\t\t\t\t<div class=\"elementor-element elementor-element-afc0fa9 elementor-widget elementor-widget-heading\" data-id=\"afc0fa9\" data-element_type=\"widget\" data-widget_type=\"heading.default\">\n\t\t\t\t<div class=\"elementor-widget-container\">\n\t\t\t\t\t<h2 class=\"elementor-heading-title elementor-size-default\">Politique en mati\u00e8re de cookies<\/h2>\t\t\t\t<\/div>\n\t\t\t\t<\/div>\n\t\t\t\t<div class=\"elementor-element elementor-element-ce07dc4 elementor-widget elementor-widget-text-editor\" data-id=\"ce07dc4\" data-element_type=\"widget\" data-widget_type=\"text-editor.default\">\n\t\t\t\t<div class=\"elementor-widget-container\">\n\t\t\t\t\t\t\t\t\t<p><strong>FOOTBALL FORWARD S.C.,<\/strong> dont le si\u00e8ge social est situ\u00e9 Carrer Pau Casals, n\u00ba 15, Castellfollit de la Roca (Girona), utilise des cookies pour le fonctionnement de son site web.<\/p>\n<p>Les cookies sont des fichiers texte contenant de petites quantit\u00e9s d&rsquo;informations qui sont t\u00e9l\u00e9charg\u00e9s sur votre ordinateur ou votre appareil mobile lorsque vous visitez un site web. Les cookies sont renvoy\u00e9s au site web d&rsquo;origine lors de chaque visite ult\u00e9rieure, ou \u00e0 un autre site web qui les reconna\u00eet. Les cookies sont utiles car ils permettent \u00e0 un site web de reconna\u00eetre l&rsquo;appareil de l&rsquo;utilisateur. Les cookies peuvent remplir diff\u00e9rentes fonctions telles que vous permettre de naviguer efficacement entre les pages, m\u00e9moriser vos pr\u00e9f\u00e9rences et, d&rsquo;une mani\u00e8re g\u00e9n\u00e9rale, am\u00e9liorer votre exp\u00e9rience de navigation.<\/p>\n<p>Quant aux types de cookies, ils sont class\u00e9s en fonction de l&rsquo;entit\u00e9 qui les g\u00e8re ; ainsi, nous avons nos propres cookies et ceux de tiers, en fonction de la p\u00e9riode pendant laquelle ils restent activ\u00e9s, session ou persistants, en fonction de leur finalit\u00e9, cookies techniques, de personnalisation, d&rsquo;analyse, de publicit\u00e9 et de publicit\u00e9 comportementale.<\/p>\n<p><strong><u>SESSION<\/u>:<\/strong> Cookies con\u00e7us pour collecter et stocker des donn\u00e9es pendant que l&rsquo;utilisateur acc\u00e8de \u00e0 un site web. Il est utilis\u00e9 pour stocker des informations qui ne sont pertinentes que pour la fourniture du service demand\u00e9 par l&rsquo;utilisateur \u00e0 une seule occasion.<\/p>\n<p><strong><u>PERSISTANT<\/u>:<\/strong> Cookies dans lesquels les donn\u00e9es restent stock\u00e9es dans le terminal et peuvent \u00eatre consult\u00e9es et trait\u00e9es pendant une p\u00e9riode d\u00e9finie par le responsable du cookie, allant de quelques minutes \u00e0 plusieurs ann\u00e9es.<\/p>\n<p><strong><u>TECHNIQUES<\/u>:<\/strong> elles permettent \u00e0 l&rsquo;utilisateur de naviguer sur un site web, une plate-forme ou une application et d&rsquo;utiliser les diff\u00e9rentes options ou services qui y sont propos\u00e9s.<\/p>\n<p>LA <strong><u>PERSONNALISATION<\/u>:<\/strong> elle permet \u00e0 l&rsquo;utilisateur d&rsquo;acc\u00e9der au service avec certaines caract\u00e9ristiques g\u00e9n\u00e9rales pr\u00e9d\u00e9finies en fonction d&rsquo;une s\u00e9rie de crit\u00e8res dans le terminal de l&rsquo;utilisateur.<\/p>\n<p><strong><u>ANALYSE<\/u>:<\/strong> ils permettent au responsable de surveiller et d&rsquo;analyser le comportement des utilisateurs des sites web auxquels ils sont li\u00e9s.<\/p>\n<p><strong><u>PUBLICIT\u00c9<\/u>:<\/strong> Ils permettent de g\u00e9rer, de la mani\u00e8re la plus efficace possible, les espaces publicitaires que, le cas \u00e9ch\u00e9ant, l&rsquo;\u00e9diteur a inclus sur un site web, une application ou une plateforme \u00e0 partir desquels le service demand\u00e9 est fourni, sur la base de crit\u00e8res tels que le contenu \u00e9dit\u00e9 ou la fr\u00e9quence \u00e0 laquelle les publicit\u00e9s sont affich\u00e9es.<\/p>\n<p><strong><u>PUBLICIT\u00c9 COMPORTEMENTALE<\/u>:<\/strong> Elle permet de g\u00e9rer les espaces publicitaires que l&rsquo;\u00e9diteur a inclus sur un site web, une application ou une plateforme \u00e0 partir de laquelle le service demand\u00e9 est fourni. Les informations sur le comportement des utilisateurs obtenues par l&rsquo;observation continue de leurs habitudes de navigation sont stock\u00e9es avec eux, ce qui permet de d\u00e9velopper un profil sp\u00e9cifique afin d&rsquo;afficher de la publicit\u00e9 bas\u00e9e sur ce profil.<\/p>\n<p>Nous vous informons des types de cookies utilis\u00e9s sur ce site et de leur finalit\u00e9 :<\/p>\n<\/p>\n<table class=\"table table-separated table-separated-inverse\">\n<tbody>\n<tr>\n<td class=\"px-0\">\n<table>\n<thead>\n<tr>\n<th class=\"border-0\">Id de cookie<\/th>\n<th class=\"border-0\">Domaine<\/th>\n<th class=\"border-0\">Dur\u00e9e du cookie<\/th>\n<th class=\"border-0\">\n<div id=\"__BVID__204\" class=\"dropdown b-dropdown more-option-btn btn-group\"> <\/div>\n<\/th>\n<\/tr>\n<\/thead>\n<tbody>\n<tr>\n<td>cookieyes-consent<\/td>\n<td>footballforwardtryouts.com<\/td>\n<td class=\"\">1 an<\/td>\n<\/tr>\n<\/tbody>\n<\/table>\n<table>\n<thead>\n<tr>\n<th class=\"border-0\">Description<\/th>\n<\/tr>\n<\/thead>\n<tbody>\n<tr>\n<td class=\"\">CookieYes utilise ce cookie pour m\u00e9moriser les pr\u00e9f\u00e9rences des utilisateurs en mati\u00e8re de consentement, afin que ces pr\u00e9f\u00e9rences soient respect\u00e9es lors des visites ult\u00e9rieures sur ce site. Il ne recueille ni ne stocke aucune information personnelle sur les visiteurs du site.<\/td>\n<\/tr>\n<\/tbody>\n<\/table>\n<table>\n<thead>\n<tr>\n<th class=\"border-0\">Mod\u00e8le d&rsquo;URL de script<\/th>\n<\/tr>\n<\/thead>\n<tbody>\n<tr>\n<td class=\"\">\n<p class=\"mb-2\">cookieyes.com<\/p>\n<\/td>\n<\/tr>\n<\/tbody>\n<\/table>\n<\/td>\n<\/tr>\n<tr>\n<td class=\"px-0\">\n<table>\n<thead>\n<tr>\n<th class=\"border-0\">Id de cookie<\/th>\n<th class=\"border-0\">Domaine<\/th>\n<th class=\"border-0\">Dur\u00e9e du cookie<\/th>\n<th class=\"border-0\">\n<div id=\"__BVID__209\" class=\"dropdown b-dropdown more-option-btn btn-group\"> <\/div>\n<\/th>\n<\/tr>\n<\/thead>\n<tbody>\n<tr>\n<td>__cf_bm<\/td>\n<td>.calendly.com<\/td>\n<td class=\"\">1 heure<\/td>\n<\/tr>\n<\/tbody>\n<\/table>\n<table>\n<thead>\n<tr>\n<th class=\"border-0\">Description<\/th>\n<\/tr>\n<\/thead>\n<tbody>\n<tr>\n<td class=\"\">Ce cookie, d\u00e9fini par Cloudflare, est utilis\u00e9 pour prendre en charge Cloudflare Bot Management.<\/td>\n<\/tr>\n<\/tbody>\n<\/table>\n<table>\n<thead>\n<tr>\n<th class=\"border-0\">Mod\u00e8le d&rsquo;URL de script<\/th>\n<\/tr>\n<\/thead>\n<tbody>\n<tr>\n<td class=\"\">\n<p class=\"mb-2\">cloudflare.com<\/p>\n<\/td>\n<\/tr>\n<\/tbody>\n<\/table>\n<\/td>\n<\/tr>\n<tr>\n<td class=\"px-0\">\n<table>\n<thead>\n<tr>\n<th class=\"border-0\">Id de cookie<\/th>\n<th class=\"border-0\">Domaine<\/th>\n<th class=\"border-0\">Dur\u00e9e du cookie<\/th>\n<th class=\"border-0\">\n<div id=\"__BVID__214\" class=\"dropdown b-dropdown more-option-btn btn-group\"> <\/div>\n<\/th>\n<\/tr>\n<\/thead>\n<tbody>\n<tr>\n<td>__cfruid<\/td>\n<td>.calendly.com<\/td>\n<td class=\"\">session<\/td>\n<\/tr>\n<\/tbody>\n<\/table>\n<table>\n<thead>\n<tr>\n<th class=\"border-0\">Description<\/th>\n<\/tr>\n<\/thead>\n<tbody>\n<tr>\n<td class=\"\">Cloudflare d\u00e9finit ce cookie pour identifier le trafic web de confiance.<\/td>\n<\/tr>\n<\/tbody>\n<\/table>\n<table>\n<thead>\n<tr>\n<th class=\"border-0\">Mod\u00e8le d&rsquo;URL de script<\/th>\n<\/tr>\n<\/thead>\n<tbody>\n<tr>\n<td class=\"\">\n<p class=\"mb-2\">cloudflare.com<\/p>\n<\/td>\n<\/tr>\n<\/tbody>\n<\/table>\n<\/td>\n<\/tr>\n<tr>\n<td class=\"px-0\">\n<table>\n<thead>\n<tr>\n<th class=\"border-0\">Id de cookie<\/th>\n<th class=\"border-0\">Domaine<\/th>\n<th class=\"border-0\">Dur\u00e9e du cookie<\/th>\n<th class=\"border-0\">\n<div id=\"__BVID__219\" class=\"dropdown b-dropdown more-option-btn btn-group\"> <\/div>\n<\/th>\n<\/tr>\n<\/thead>\n<tbody>\n<tr>\n<td>OptanonConsent<\/td>\n<td>.calendly.com<\/td>\n<td class=\"\">1 an<\/td>\n<\/tr>\n<\/tbody>\n<\/table>\n<table>\n<thead>\n<tr>\n<th class=\"border-0\">Description<\/th>\n<\/tr>\n<\/thead>\n<tbody>\n<tr>\n<td class=\"\">OneTrust utilise ce cookie pour stocker des informations sur la cat\u00e9gorie de cookies du site et v\u00e9rifier si les visiteurs ont donn\u00e9 ou retir\u00e9 leur consentement \u00e0 l&rsquo;utilisation de chaque cat\u00e9gorie.<\/td>\n<\/tr>\n<\/tbody>\n<\/table>\n<table>\n<thead>\n<tr>\n<th class=\"border-0\">Mod\u00e8le d&rsquo;URL de script<\/th>\n<\/tr>\n<\/thead>\n<tbody>\n<tr>\n<td class=\"\">\n<p class=\"mb-2\">onetrust.com<\/p>\n<\/td>\n<\/tr>\n<\/tbody>\n<\/table>\n<\/td>\n<\/tr>\n<tr>\n<td class=\"px-0\">\n<table>\n<thead>\n<tr>\n<th class=\"border-0\">Id de cookie<\/th>\n<th class=\"border-0\">Domaine<\/th>\n<th class=\"border-0\">Dur\u00e9e du cookie<\/th>\n<th class=\"border-0\">\n<div id=\"__BVID__224\" class=\"dropdown b-dropdown more-option-btn btn-group\"> <\/div>\n<\/th>\n<\/tr>\n<\/thead>\n<tbody>\n<tr>\n<td>Secure-ENID<\/td>\n<td>.google.com<\/td>\n<td class=\"\">1 an 1 mois<\/td>\n<\/tr>\n<\/tbody>\n<\/table>\n<table>\n<thead>\n<tr>\n<th class=\"border-0\">Description<\/th>\n<\/tr>\n<\/thead>\n<tbody>\n<tr>\n<td class=\"\">Le cookie __Secure-ENID est un type de cookie s\u00e9curis\u00e9 utilis\u00e9 pour l&rsquo;authentification et pour garantir la s\u00e9curit\u00e9 des sessions utilisateur.<\/td>\n<\/tr>\n<\/tbody>\n<\/table>\n<table>\n<thead>\n<tr>\n<th class=\"border-0\">Mod\u00e8le d&rsquo;URL de script<\/th>\n<\/tr>\n<\/thead>\n<tbody>\n<tr>\n<td class=\"\">\n<p class=\"mb-2\">google.com<\/p>\n<\/td>\n<\/tr>\n<\/tbody>\n<\/table>\n<\/td>\n<\/tr>\n<tr>\n<td class=\"px-0\">\n<table>\n<thead>\n<tr>\n<th class=\"border-0\">Id de cookie<\/th>\n<th class=\"border-0\">Domaine<\/th>\n<th class=\"border-0\">Dur\u00e9e du cookie<\/th>\n<th class=\"border-0\">\n<div id=\"__BVID__229\" class=\"dropdown b-dropdown more-option-btn btn-group\"> <\/div>\n<\/th>\n<\/tr>\n<\/thead>\n<tbody>\n<tr>\n<td>\u00e9l\u00e9mentor<\/td>\n<td>footballforwardtryouts.com<\/td>\n<td class=\"\">jamais<\/td>\n<\/tr>\n<\/tbody>\n<\/table>\n<table>\n<thead>\n<tr>\n<th class=\"border-0\">Description<\/th>\n<\/tr>\n<\/thead>\n<tbody>\n<tr>\n<td class=\"\">Le th\u00e8me WordPress du site utilise ce cookie. Il permet au propri\u00e9taire du site web de mettre en \u0153uvre ou de modifier le contenu du site en temps r\u00e9el.<\/td>\n<\/tr>\n<\/tbody>\n<\/table>\n<table>\n<thead>\n<tr>\n<th class=\"border-0\">Mod\u00e8le d&rsquo;URL de script<\/th>\n<\/tr>\n<\/thead>\n<tbody>\n<tr>\n<td class=\"\">\n<p class=\"mb-2\">Non disponible<\/p>\n<\/td>\n<\/tr>\n<\/tbody>\n<\/table>\n<\/td>\n<\/tr>\n<tr>\n<td class=\"px-0\">\n<table>\n<thead>\n<tr>\n<th class=\"border-0\">Id de cookie<\/th>\n<th class=\"border-0\">Domaine<\/th>\n<th class=\"border-0\">Dur\u00e9e du cookie<\/th>\n<th class=\"border-0\">\n<div id=\"__BVID__234\" class=\"dropdown b-dropdown more-option-btn btn-group\"> <\/div>\n<\/th>\n<\/tr>\n<\/thead>\n<tbody>\n<tr>\n<td>wpEmojiSettingsSupports<\/td>\n<td>footballforwardtryouts.com<\/td>\n<td class=\"\">session<\/td>\n<\/tr>\n<\/tbody>\n<\/table>\n<table>\n<thead>\n<tr>\n<th class=\"border-0\">Description<\/th>\n<\/tr>\n<\/thead>\n<tbody>\n<tr>\n<td class=\"\">WordPress place ce cookie lorsqu&rsquo;un utilisateur interagit avec des emojis sur un site WordPress. Il permet de d\u00e9terminer si le navigateur de l&rsquo;utilisateur peut afficher correctement les emojis.<\/td>\n<\/tr>\n<\/tbody>\n<\/table>\n<table>\n<thead>\n<tr>\n<th class=\"border-0\">Mod\u00e8le d&rsquo;URL de script<\/th>\n<\/tr>\n<\/thead>\n<tbody>\n<tr>\n<td class=\"\">\n<p class=\"mb-2\">Non disponible<\/p>\n<\/td>\n<\/tr>\n<\/tbody>\n<\/table>\n<\/td>\n<\/tr>\n<\/tbody>\n<\/table>\n<p>FOOTBALL FORWARD S.C. utilise les cookies de Google Analytics, la configuration de ces cookies est pr\u00e9d\u00e9termin\u00e9e par le service offert par Google, pour cette raison nous vous sugg\u00e9rons de consulter la page de confidentialit\u00e9 de Google Analytics, <a href=\"http:\/\/www.google.es\/intl\/es_ALL\/analytics\/learn\/privacy.html\" target=\"_blank\" rel=\"noopener\">http:\/\/www.google.es\/intl\/es_ALL\/analytics\/learn\/privacy.html<\/a> pour plus d&rsquo;informations sur les cookies que vous utilisez et sur la mani\u00e8re de les d\u00e9sactiver (\u00e9tant entendu que nous ne sommes pas responsables du contenu ou de l&rsquo;exactitude des sites web de tiers).<\/p>\n<p>D\u00e9sactivation des cookies.<\/p>\n<p>Les utilisateurs sont libres de d\u00e9cider d&rsquo;installer ou non nos cookies sur leur disque dur, ainsi que de les supprimer, en suivant la proc\u00e9dure \u00e9tablie dans la section d&rsquo;aide de leur navigateur. Les utilisateurs peuvent \u00e9galement configurer leur navigateur pour accepter ou rejeter tous les cookies par d\u00e9faut ou pour recevoir un avertissement \u00e0 l&rsquo;\u00e9cran de la r\u00e9ception de chaque cookie et d\u00e9cider \u00e0 ce moment-l\u00e0 de l&rsquo;installer ou non sur leur disque dur.<\/p>\n<p>Vous trouverez ci-dessous des liens vers les fabricants d&rsquo;appareils et les navigateurs pour g\u00e9rer ou d\u00e9sactiver les cookies dans votre navigateur :<\/p>\n<ul>\n<li>Pour Internet Explorer :<\/li>\n<\/ul>\n<p><a href=\"http:\/\/windows.microsoft.com\/es-es\/windows7\/how-to-manage-cookies-in-internet-explorer-9\" target=\"_blank\" rel=\"noopener\">http:\/\/windows.microsoft.com\/es-es\/windows7\/how-to-manage-cookies-in-internet-explorer-9<\/a><\/p>\n<ul>\n<li>Pour Chrome :<\/li>\n<\/ul>\n<p><a href=\"https:\/\/support.google.com\/chrome\/answer\/95647?hl=es\" target=\"_blank\" rel=\"noopener\">https:\/\/support.google.com\/chrome\/answer\/95647?hl=es<\/a><\/p>\n<ul>\n<li>Pour Safari :<\/li>\n<\/ul>\n<p><a href=\"http:\/\/support.apple.com\/kb\/HT1677?viewlocale=es_ES\" target=\"_blank\" rel=\"noopener\">http:\/\/support.apple.com\/kb\/HT1677?viewlocale=es_ES<\/a><\/p>\n<ul>\n<li>Pour Firefox :<\/li>\n<\/ul>\n<p><a href=\"https:\/\/support.mozilla.org\/es\/kb\/Borrar%20cookies\" target=\"_blank\" rel=\"noopener\">https:\/\/support.mozilla.org\/es\/kb\/Borrar%20cookies<\/a><\/p>\n<ul>\n<li>Pour l&rsquo;Op\u00e9ra :<\/li>\n<\/ul>\n<p><a href=\"http:\/\/help.opera.com\/Linux\/10.60\/es-ES\/cookies.html\" target=\"_blank\" rel=\"noopener\">http:\/\/help.opera.com\/Linux\/10.60\/es-ES\/cookies.html<\/a><\/p>\n<p>Si vous souhaitez mieux contr\u00f4ler l&rsquo;installation des cookies, vous pouvez installer des programmes ou des modules compl\u00e9mentaires \u00e0 votre navigateur, connus sous le nom d&rsquo;outils \u00ab\u00a0Do Not Track\u00a0\u00bb, qui vous permettront de choisir les cookies que vous souhaitez autoriser.<\/p>\n<p>Si vous configurez votre navigateur de mani\u00e8re \u00e0 refuser tous les cookies ou \u00e0 rejeter nos cookies, il se peut que vous ne puissiez pas acc\u00e9der \u00e0 certains services et que votre exp\u00e9rience sur notre site web soit moins satisfaisante.<\/p>\n\t\t\t\t\t\t\t\t<\/div>\n\t\t\t\t<\/div>\n\t\t\t\t<\/div>\n\t\t\t\t<\/div>\n\t\t","protected":false},"excerpt":{"rendered":"<p>Politique en mati\u00e8re de cookies FOOTBALL FORWARD S.C., dont le si\u00e8ge social est situ\u00e9 Carrer Pau Casals, n\u00ba 15, Castellfollit de la Roca (Girona), utilise des cookies pour le fonctionnement de son site web. Les cookies sont des fichiers texte contenant de petites quantit\u00e9s d&rsquo;informations qui sont t\u00e9l\u00e9charg\u00e9s sur votre ordinateur ou votre appareil mobile [&hellip;]<\/p>\n","protected":false},"author":1,"featured_media":0,"parent":0,"menu_order":0,"comment_status":"closed","ping_status":"closed","template":"elementor_header_footer","meta":{"footnotes":""},"class_list":["post-1602","page","type-page","status-publish","hentry"],"_links":{"self":[{"href":"https:\/\/footballforwardtryouts.com\/fr\/wp-json\/wp\/v2\/pages\/1602","targetHints":{"allow":["GET"]}}],"collection":[{"href":"https:\/\/footballforwardtryouts.com\/fr\/wp-json\/wp\/v2\/pages"}],"about":[{"href":"https:\/\/footballforwardtryouts.com\/fr\/wp-json\/wp\/v2\/types\/page"}],"author":[{"embeddable":true,"href":"https:\/\/footballforwardtryouts.com\/fr\/wp-json\/wp\/v2\/users\/1"}],"replies":[{"embeddable":true,"href":"https:\/\/footballforwardtryouts.com\/fr\/wp-json\/wp\/v2\/comments?post=1602"}],"version-history":[{"count":0,"href":"https:\/\/footballforwardtryouts.com\/fr\/wp-json\/wp\/v2\/pages\/1602\/revisions"}],"wp:attachment":[{"href":"https:\/\/footballforwardtryouts.com\/fr\/wp-json\/wp\/v2\/media?parent=1602"}],"curies":[{"name":"wp","href":"https:\/\/api.w.org\/{rel}","templated":true}]}}